{"id":3,"date":"2024-04-28T17:55:32","date_gmt":"2024-04-28T17:55:32","guid":{"rendered":"https:\/\/polar-lux.com\/?page_id=3"},"modified":"2025-08-17T07:20:15","modified_gmt":"2025-08-17T07:20:15","slug":"privacy-policy","status":"publish","type":"page","link":"https:\/\/briza-ac.co\/fr\/privacy-policy\/","title":{"rendered":"Politique de confidentialit\u00e9"},"content":{"rendered":"<div data-elementor-type=\"wp-page\" data-elementor-id=\"3\" class=\"elementor elementor-3\" data-elementor-post-type=\"page\">\n\t\t\t\t<div class=\"elementor-element elementor-element-2d1f6a1 e-flex e-con-boxed e-con e-parent\" data-id=\"2d1f6a1\" data-element_type=\"container\" data-settings=\"{&quot;background_background&quot;:&quot;classic&quot;}\">\n\t\t\t\t\t<div class=\"e-con-inner\">\n\t\t\t\t<div class=\"elementor-element elementor-element-130009b elementor-widget elementor-widget-heading\" data-id=\"130009b\" data-element_type=\"widget\" data-widget_type=\"heading.default\">\n\t\t\t\t<div class=\"elementor-widget-container\">\n\t\t\t\t\t<h2 class=\"elementor-heading-title elementor-size-default\">Politique de confidentialit\u00e9\n<\/h2>\t\t\t\t<\/div>\n\t\t\t\t<\/div>\n\t\t\t\t\t<\/div>\n\t\t\t\t<\/div>\n\t\t<div class=\"elementor-element elementor-element-673a868 e-flex e-con-boxed e-con e-parent\" data-id=\"673a868\" data-element_type=\"container\">\n\t\t\t\t\t<div class=\"e-con-inner\">\n\t\t\t\t<div class=\"elementor-element elementor-element-96abc0c elementor-widget elementor-widget-text-editor\" data-id=\"96abc0c\" data-element_type=\"widget\" data-widget_type=\"text-editor.default\">\n\t\t\t\t<div class=\"elementor-widget-container\">\n\t\t\t\t\t\t\t\t\t<p><span>La pr\u00e9sente politique de confidentialit\u00e9 explique comment vos informations personnelles sont collect\u00e9es, utilis\u00e9es et partag\u00e9es lorsque vous visitez ou effectuez un achat sur briza-ac.co (le \"site web\").<\/span><\/p>\n<p><span><b>Informations personnelles que nous recueillons<\/b><\/span><\/p>\n<p><span>Lorsque vous visitez le site web, nous recueillons automatiquement certaines informations sur votre appareil, telles que votre navigateur web, votre adresse IP, votre fuseau horaire et certains cookies install\u00e9s sur votre appareil. Lorsque vous naviguez, nous recueillons \u00e9galement des donn\u00e9es sur les pages web ou les produits que vous consultez, les sites web ou les termes de recherche qui vous ont amen\u00e9 sur le site web, et la mani\u00e8re dont vous interagissez avec le site web. Ces donn\u00e9es collect\u00e9es automatiquement sont appel\u00e9es \"informations sur l'appareil\".<\/span><\/p>\n<p><span><b>Nous recueillons des informations sur les appareils par le biais de :<\/b><\/span><\/p>\n<ul>\n<li><b><\/b><span><b>Fichiers journaux :<\/b> Ils suivent les actions sur le site web et collectent des donn\u00e9es telles que l'adresse IP, le type de navigateur, le fournisseur d'acc\u00e8s \u00e0 Internet, les pages de renvoi et de sortie et les horodatages.<\/span><\/li>\n<li><b><\/b><span><b>Balises web, tags et pixels :<\/b> Ces fichiers \u00e9lectroniques permettent de savoir comment vous naviguez sur le site web.<\/span><\/li>\n<\/ul>\n<p><span>Lorsque vous effectuez ou tentez d'effectuer un achat sur le site web, nous recueillons certaines informations vous concernant, notamment votre nom, vos adresses de facturation et de livraison, vos informations de paiement (telles que votre num\u00e9ro de carte de cr\u00e9dit), votre adresse \u00e9lectronique et votre num\u00e9ro de t\u00e9l\u00e9phone. C'est ce que nous appelons les \"informations relatives \u00e0 la commande\".<\/span><\/p>\n<p><span>Dans la pr\u00e9sente politique, les \"informations personnelles\" englobent \u00e0 la fois les informations relatives \u00e0 l'appareil et les informations relatives \u00e0 la commande.<\/span><\/p>\n<p><span><b>Comment nous utilisons vos informations personnelles<\/b><\/span><\/p>\n<p><span>Nous utilisons les informations relatives aux commandes pour traiter et ex\u00e9cuter les commandes pass\u00e9es par l'interm\u00e9diaire du site web, notamment pour g\u00e9rer vos informations de paiement, organiser l'exp\u00e9dition et envoyer des factures ou des confirmations de commande. En outre, nous utilisons ces informations pour :<\/span><\/p>\n<ul>\n<li><span>Communiquer avec vous<\/span><\/li>\n<li><span>Examiner les commandes pour d\u00e9tecter les risques potentiels ou les fraudes<\/span><\/li>\n<li><span>vous fournir des informations ou de la publicit\u00e9 sur nos produits ou services, en fonction de vos pr\u00e9f\u00e9rences en mati\u00e8re de protection de la vie priv\u00e9e<\/span><\/li>\n<\/ul>\n<p><span>Nous utilisons les informations relatives \u00e0 l'appareil pour nous aider \u00e0 d\u00e9tecter les risques et les fraudes potentiels (en particulier votre adresse IP) et pour am\u00e9liorer et optimiser notre site web. Il s'agit notamment de g\u00e9n\u00e9rer des analyses sur la mani\u00e8re dont nos clients naviguent et interagissent avec le site web et d'\u00e9valuer le succ\u00e8s de nos campagnes de marketing et de publicit\u00e9.<\/span><\/p>\n<p><span><b>Partage de vos informations personnelles<\/b><\/span><\/p>\n<p><span>Nous partageons vos informations personnelles avec des tiers pour nous aider \u00e0 utiliser vos donn\u00e9es comme d\u00e9crit ci-dessus. Par exemple, nous utilisons Google Analytics pour comprendre comment nos clients utilisent le site web. Pour en savoir plus sur l'utilisation de vos donn\u00e9es par Google, cliquez ici : <a href=\"https:\/\/policies.google.com\/privacy?hl=en\"><span>R\u00e8gles de confidentialit\u00e9 de Google<\/span><\/a>. Pour d\u00e9sactiver Google Analytics, visitez le site : <a href=\"https:\/\/tools.google.com\/dlpage\/gaoptout\"><span>D\u00e9sactivation de Google Analytics<\/span><\/a>.<\/span><\/p>\n<p><span>Nous pouvons \u00e9galement partager vos informations personnelles pour nous conformer \u00e0 des obligations l\u00e9gales, r\u00e9pondre \u00e0 des demandes juridiques ou prot\u00e9ger nos droits.<\/span><\/p>\n<p><span><b>Publicit\u00e9 comportementale<\/b><\/span><\/p>\n<p><span>Comme indiqu\u00e9, nous utilisons vos informations personnelles pour vous proposer des publicit\u00e9s cibl\u00e9es ou des communications marketing qui, selon nous, sont susceptibles de vous int\u00e9resser. Pour en savoir plus sur le fonctionnement de la publicit\u00e9 cibl\u00e9e, consultez le site de la Network Advertising Initiative <a href=\"http:\/\/www.networkadvertising.org\/understanding-online-advertising\/how-does-it-work\"><span>page \u00e9ducative<\/span><\/a>.<\/span><\/p>\n<p><span><b>Pour refuser la publicit\u00e9 cibl\u00e9e :<\/b><\/span><\/p>\n<ul>\n<li><b><\/b><span><b>Facebook :<\/b> <a href=\"https:\/\/www.facebook.com\/settings\/?tab=ads\"><span>Pr\u00e9f\u00e9rences publicitaires<\/span><\/a><\/span><\/li>\n<li><b><\/b><span><b>Google :<\/b> <a href=\"https:\/\/www.google.com\/settings\/ads\/anonymous\"><span>Param\u00e8tres des annonces<\/span><\/a><\/span><\/li>\n<li><b><\/b><span><b>Bing :<\/b> <a href=\"https:\/\/advertise.bingads.microsoft.com\/en-us\/resources\/policies\/personalized-ads\"><span>Annonces personnalis\u00e9es<\/span><\/a><\/span><\/li>\n<\/ul>\n<p><span>Vous pouvez \u00e9galement vous d\u00e9sinscrire via le site de l'Alliance pour la publicit\u00e9 num\u00e9rique. <a href=\"http:\/\/optout.aboutads.info\/\"><span>portail de retrait<\/span><\/a>.<\/span><\/p>\n<p><span><b>Ne pas suivre<\/b><\/span><\/p>\n<p><span>Nous ne modifions pas les pratiques de collecte et d'utilisation des donn\u00e9es de notre site web lorsque nous d\u00e9tectons un signal \"Do Not Track\" de votre navigateur.<\/span><\/p>\n<p><span><b>Vos droits<\/b><\/span><\/p>\n<p><span>Si vous \u00eates r\u00e9sident europ\u00e9en, vous avez le droit d'acc\u00e9der, de corriger, de mettre \u00e0 jour ou de supprimer les donn\u00e9es personnelles que nous d\u00e9tenons \u00e0 votre sujet. Pour exercer ces droits, veuillez nous contacter en utilisant les coordonn\u00e9es ci-dessous.<\/span><\/p>\n<p><span>En outre, si vous \u00eates r\u00e9sident europ\u00e9en, nous traitons vos informations pour ex\u00e9cuter les contrats que nous pourrions avoir avec vous (par exemple, si vous passez une commande par l'interm\u00e9diaire du site web) ou pour poursuivre nos int\u00e9r\u00eats commerciaux l\u00e9gitimes. Notez que vos informations seront transf\u00e9r\u00e9es en dehors de l'Europe, y compris au Canada et aux \u00c9tats-Unis.<\/span><\/p>\n<p><span><b>Conservation des donn\u00e9es<\/b><\/span><\/p>\n<p><span>Nous conservons les informations relatives \u00e0 votre commande dans nos dossiers jusqu'\u00e0 ce que vous nous demandiez de les supprimer.<\/span><\/p>\n<p><span><b>Changements<\/b><\/span><\/p>\n<p><span>Nous pouvons mettre \u00e0 jour la pr\u00e9sente politique de confidentialit\u00e9 p\u00e9riodiquement pour refl\u00e9ter les changements apport\u00e9s \u00e0 nos pratiques ou pour d'autres raisons op\u00e9rationnelles, juridiques ou r\u00e9glementaires.<\/span><\/p>\n<p><span><b>Nous contacter<\/b><\/span><\/p>\n<p><span>Pour plus d'informations sur nos pratiques en mati\u00e8re de protection de la vie priv\u00e9e, pour toute question ou plainte, veuillez nous contacter par courrier \u00e9lectronique \u00e0 l'adresse info@briza-ac.co.<\/span><\/p>\t\t\t\t\t\t\t\t<\/div>\n\t\t\t\t<\/div>\n\t\t\t\t\t<\/div>\n\t\t\t\t<\/div>\n\t\t\t\t<\/div>","protected":false},"excerpt":{"rendered":"<p>Privacy Policy This Privacy Policy explains how your personal information is collected, used, and shared when you visit or make [&hellip;]<\/p>","protected":false},"author":1,"featured_media":0,"parent":0,"menu_order":0,"comment_status":"closed","ping_status":"closed","template":"","meta":{"inline_featured_image":false,"site-sidebar-layout":"default","site-content-layout":"","ast-site-content-layout":"full-width-container","site-content-style":"default","site-sidebar-style":"default","ast-global-header-display":"","ast-banner-title-visibility":"","ast-main-header-display":"","ast-hfb-above-header-display":"","ast-hfb-below-header-display":"","ast-hfb-mobile-header-display":"","site-post-title":"","ast-breadcrumbs-content":"","ast-featured-img":"","footer-sml-layout":"","theme-transparent-header-meta":"default","adv-header-id-meta":"","stick-header-meta":"","header-above-stick-meta":"","header-main-stick-meta":"","header-below-stick-meta":"","astra-migrate-meta-layouts":"set","ast-page-background-enabled":"default","ast-page-background-meta":{"desktop":{"background-color":"var(--ast-global-color-4)","background-image":"","background-repeat":"repeat","background-position":"center center","background-size":"auto","background-attachment":"scroll","background-type":"","background-media":"","overlay-type":"","overlay-color":"","overlay-gradient":""},"tablet":{"background-color":"","background-image":"","background-repeat":"repeat","background-position":"center center","background-size":"auto","background-attachment":"scroll","background-type":"","background-media":"","overlay-type":"","overlay-color":"","overlay-gradient":""},"mobile":{"background-color":"","background-image":"","background-repeat":"repeat","background-position":"center center","background-size":"auto","background-attachment":"scroll","background-type":"","background-media":"","overlay-type":"","overlay-color":"","overlay-gradient":""}},"ast-content-background-meta":{"desktop":{"background-color":"var(--ast-global-color-5)","background-image":"","background-repeat":"repeat","background-position":"center center","background-size":"auto","background-attachment":"scroll","background-type":"","background-media":"","overlay-type":"","overlay-color":"","overlay-gradient":""},"tablet":{"background-color":"var(--ast-global-color-5)","background-image":"","background-repeat":"repeat","background-position":"center center","background-size":"auto","background-attachment":"scroll","background-type":"","background-media":"","overlay-type":"","overlay-color":"","overlay-gradient":""},"mobile":{"background-color":"var(--ast-global-color-5)","background-image":"","background-repeat":"repeat","background-position":"center center","background-size":"auto","background-attachment":"scroll","background-type":"","background-media":"","overlay-type":"","overlay-color":"","overlay-gradient":""}},"footnotes":""},"_links":{"self":[{"href":"https:\/\/briza-ac.co\/fr\/wp-json\/wp\/v2\/pages\/3"}],"collection":[{"href":"https:\/\/briza-ac.co\/fr\/wp-json\/wp\/v2\/pages"}],"about":[{"href":"https:\/\/briza-ac.co\/fr\/wp-json\/wp\/v2\/types\/page"}],"author":[{"embeddable":true,"href":"https:\/\/briza-ac.co\/fr\/wp-json\/wp\/v2\/users\/1"}],"replies":[{"embeddable":true,"href":"https:\/\/briza-ac.co\/fr\/wp-json\/wp\/v2\/comments?post=3"}],"version-history":[{"count":36,"href":"https:\/\/briza-ac.co\/fr\/wp-json\/wp\/v2\/pages\/3\/revisions"}],"predecessor-version":[{"id":3974,"href":"https:\/\/briza-ac.co\/fr\/wp-json\/wp\/v2\/pages\/3\/revisions\/3974"}],"wp:attachment":[{"href":"https:\/\/briza-ac.co\/fr\/wp-json\/wp\/v2\/media?parent=3"}],"curies":[{"name":"wp","href":"https:\/\/api.w.org\/{rel}","templated":true}]}}