{"id":268,"date":"2024-05-04T05:21:54","date_gmt":"2024-05-04T05:21:54","guid":{"rendered":"https:\/\/polar-lux.com\/?page_id=268"},"modified":"2025-08-17T07:21:26","modified_gmt":"2025-08-17T07:21:26","slug":"terms-of-service","status":"publish","type":"page","link":"https:\/\/briza-ac.co\/da\/terms-of-service\/","title":{"rendered":"Vilk\u00e5r for service"},"content":{"rendered":"<div data-elementor-type=\"wp-page\" data-elementor-id=\"268\" class=\"elementor elementor-268\" data-elementor-post-type=\"page\">\n\t\t\t\t<div class=\"elementor-element elementor-element-2a388e0 e-flex e-con-boxed e-con e-parent\" data-id=\"2a388e0\" data-element_type=\"container\" data-settings=\"{&quot;background_background&quot;:&quot;classic&quot;}\">\n\t\t\t\t\t<div class=\"e-con-inner\">\n\t\t\t\t<div class=\"elementor-element elementor-element-3abd88b elementor-widget elementor-widget-heading\" data-id=\"3abd88b\" data-element_type=\"widget\" data-widget_type=\"heading.default\">\n\t\t\t\t<div class=\"elementor-widget-container\">\n\t\t\t\t\t<h2 class=\"elementor-heading-title elementor-size-default\">Vilk\u00e5r for service\n<\/h2>\t\t\t\t<\/div>\n\t\t\t\t<\/div>\n\t\t\t\t\t<\/div>\n\t\t\t\t<\/div>\n\t\t<div class=\"elementor-element elementor-element-f53b1fc e-flex e-con-boxed e-con e-parent\" data-id=\"f53b1fc\" data-element_type=\"container\">\n\t\t\t\t\t<div class=\"e-con-inner\">\n\t\t\t\t<div class=\"elementor-element elementor-element-36ba2e1 elementor-widget elementor-widget-text-editor\" data-id=\"36ba2e1\" data-element_type=\"widget\" data-widget_type=\"text-editor.default\">\n\t\t\t\t<div class=\"elementor-widget-container\">\n\t\t\t\t\t\t\t\t\t<p><b>Oversigt<\/b><\/p>\n<p>Denne hjemmeside drives af BrizaAC. P\u00e5 hele webstedet henviser udtrykkene \"vi\", \"os\" og \"vores\" til BrizaAC. BrizaAC leverer dette websted, herunder alle oplysninger, v\u00e6rkt\u00f8jer og tjenester, der er tilg\u00e6ngelige fra det til dig, brugeren, betinget af din accept af alle vilk\u00e5r, betingelser, politikker og meddelelser, der er angivet her.<\/p>\n<p>N\u00e5r du bes\u00f8ger vores websted og\/eller k\u00f8ber fra os, deltager du i vores \"service\" og accepterer at v\u00e6re bundet af f\u00f8lgende vilk\u00e5r og betingelser (\"servicevilk\u00e5r\", \"vilk\u00e5r\"), herunder eventuelle yderligere vilk\u00e5r, betingelser og politikker, der henvises til heri og\/eller er tilg\u00e6ngelige via hyperlink. Disse vilk\u00e5r g\u00e6lder for alle brugere af webstedet, herunder, men ikke begr\u00e6nset til, browsere, leverand\u00f8rer, kunder, forhandlere og bidragydere til indhold.<\/p>\n<p>L\u00e6s venligst disse servicevilk\u00e5r omhyggeligt, f\u00f8r du bruger vores hjemmeside. Ved at f\u00e5 adgang til eller bruge nogen del af webstedet accepterer du at v\u00e6re bundet af disse vilk\u00e5r. Hvis du ikke accepterer alle vilk\u00e5r og betingelser i denne aftale, m\u00e5 du ikke f\u00e5 adgang til webstedet eller bruge nogen tjenester. Hvis disse vilk\u00e5r betragtes som et tilbud, er accepten udtrykkeligt begr\u00e6nset til disse vilk\u00e5r.<\/p>\n<p>Eventuelle nye funktioner eller v\u00e6rkt\u00f8jer, der f\u00f8jes til den nuv\u00e6rende butik, vil ogs\u00e5 v\u00e6re underlagt servicevilk\u00e5rene. Du kan til enhver tid se den nyeste version af vilk\u00e5rene p\u00e5 denne side. Vi forbeholder os ret til at opdatere, \u00e6ndre eller erstatte enhver del af disse vilk\u00e5r ved at offentligg\u00f8re opdateringer og\/eller \u00e6ndringer p\u00e5 vores hjemmeside. Det er dit ansvar at tjekke denne side med j\u00e6vne mellemrum for \u00e6ndringer. Fortsat brug af eller adgang til webstedet efter udstationering af \u00e6ndringer udg\u00f8r accept af disse \u00e6ndringer. Vores butik er hostet p\u00e5 Shopify Inc, som giver os en online e-handelsplatform til at s\u00e6lge vores produkter og tjenester til dig.<\/p>\n<p><b>Afsnit 1 - Vilk\u00e5r for onlinebutikken<\/b><\/p>\n<p>Ved at acceptere disse vilk\u00e5r bekr\u00e6fter du, at du mindst er myndig i den stat eller provins, hvor du bor, eller at du er myndig og har givet samtykke til, at dine mindre\u00e5rige p\u00e5r\u00f8rende kan bruge dette websted.<\/p>\n<p>Du m\u00e5 ikke bruge vores produkter til noget ulovligt eller uautoriseret form\u00e5l eller overtr\u00e6de nogen love i din jurisdiktion (herunder love om ophavsret) ved at bruge tjenesten.<\/p>\n<p>Du m\u00e5 ikke overf\u00f8re orme, vira eller destruktiv kode.<\/p>\n<p>Brud p\u00e5 eller overtr\u00e6delse af nogen af vilk\u00e5rene vil resultere i \u00f8jeblikkelig opsigelse af dine tjenester.<\/p>\n<p><b>Afsnit 2 - Generelle betingelser<\/b><\/p>\n<p>Vi forbeholder os ret til at n\u00e6gte at betjene nogen af en hvilken som helst grund til enhver tid.<\/p>\n<p>Du forst\u00e5r, at dit indhold (undtagen kreditkortoplysninger) kan overf\u00f8res ukrypteret og kan involvere (a) transmissioner over forskellige netv\u00e6rk; og (b) \u00e6ndringer for at overholde tekniske krav til tilsluttende netv\u00e6rk eller enheder. Kreditkortoplysninger er altid krypterede under overf\u00f8rsel via netv\u00e6rk.<\/p>\n<p>Du accepterer ikke at reproducere, duplikere, kopiere, s\u00e6lge, videres\u00e6lge eller udnytte nogen del af tjenesten, brug af tjenesten eller adgang til tjenesten eller nogen kontakt p\u00e5 det websted, hvorigennem tjenesten leveres, uden udtrykkelig skriftlig tilladelse fra os.<\/p>\n<p>Overskrifterne i denne aftale er kun for nemheds skyld og begr\u00e6nser eller p\u00e5virker ikke p\u00e5 anden m\u00e5de disse vilk\u00e5r.<\/p>\n<p><b>Afsnit 3 - N\u00f8jagtighed, fuldst\u00e6ndighed og rettidighed af oplysninger<\/b><\/p>\n<p>Vi er ikke ansvarlige, hvis oplysningerne p\u00e5 dette websted ikke er n\u00f8jagtige, fuldst\u00e6ndige eller aktuelle. Materialet p\u00e5 dette websted er kun til generel information og b\u00f8r ikke p\u00e5ber\u00e5bes eller bruges som det eneste grundlag for at tr\u00e6ffe beslutninger uden at konsultere prim\u00e6re, mere n\u00f8jagtige, mere komplette eller mere aktuelle informationskilder. Enhver tillid til materialet p\u00e5 dette websted er p\u00e5 egen risiko.<\/p>\n<p>Dette websted kan indeholde historiske oplysninger, som ikke er aktuelle, og som kun er til din orientering. Vi forbeholder os ret til at \u00e6ndre indholdet p\u00e5 dette websted til enhver tid, men er ikke forpligtet til at opdatere nogen oplysninger. Du accepterer, at det er dit ansvar at overv\u00e5ge \u00e6ndringer p\u00e5 vores websted.<\/p>\n<p><b>Afsnit 4 - \u00c6ndringer af tjenesten og priserne<\/b><\/p>\n<p>Priserne p\u00e5 vores produkter kan \u00e6ndres uden varsel.<\/p>\n<p>Vi forbeholder os ret til at \u00e6ndre eller afbryde tjenesten (eller enhver del eller indhold heraf) til enhver tid uden varsel.<\/p>\n<p>Vi er ikke ansvarlige over for dig eller nogen tredjepart for nogen \u00e6ndring, pris\u00e6ndring, suspension eller afbrydelse af tjenesten.<\/p>\n<p><b>Afsnit 5 - Produkter eller tjenester<\/b><\/p>\n<p>Visse produkter eller tjenester kan udelukkende v\u00e6re tilg\u00e6ngelige online via webstedet. Disse produkter eller tjenester kan have begr\u00e6nsede m\u00e6ngder og er kun genstand for returnering eller ombytning i henhold til vores returpolitik.<\/p>\n<p>Vi har gjort alt for at vise farverne og billederne af vores produkter s\u00e5 n\u00f8jagtigt som muligt. Vi kan dog ikke garantere, at din computersk\u00e6rms visning af en hvilken som helst farve vil v\u00e6re n\u00f8jagtig.<\/p>\n<p>Vi forbeholder os ret til, men er ikke forpligtet til, at begr\u00e6nse salget af vores produkter eller tjenester til enhver person, geografisk region eller jurisdiktion fra sag til sag. Vi forbeholder os ret til at begr\u00e6nse m\u00e6ngden af produkter eller tjenester, som vi tilbyder. Alle beskrivelser af produkter eller produktpriser kan \u00e6ndres til enhver tid uden varsel. Vi forbeholder os ret til at indstille ethvert produkt til enhver tid. Ethvert tilbud om et produkt eller en tjenesteydelse p\u00e5 dette websted er ugyldigt, hvor det er forbudt.<\/p>\n<p>Vi garanterer ikke, at kvaliteten af produkter, tjenester, oplysninger eller andet materiale, som du k\u00f8ber eller f\u00e5r, lever op til dine forventninger, eller at eventuelle fejl i tjenesten vil blive rettet.<\/p>\n<p><b>Afsnit 6 - N\u00f8jagtighed af fakturerings- og kontooplysninger<\/b><\/p>\n<p>Vi forbeholder os ret til at afvise enhver ordre, du afgiver til os. Vi kan begr\u00e6nse eller annullere k\u00f8bte m\u00e6ngder pr. person, pr. husstand eller pr. ordre. Disse begr\u00e6nsninger kan omfatte ordrer, der er afgivet af eller under samme kundekonto, kreditkort og\/eller ordrer, der bruger samme fakturerings- og\/eller leveringsadresse. Hvis vi \u00e6ndrer eller annullerer en ordre, kan vi underrette dig via den e-mail og\/eller faktureringsadresse\/telefonnummer, der blev oplyst p\u00e5 ordretidspunktet. Vi forbeholder os ret til at begr\u00e6nse eller forbyde ordrer, der efter vores eget sk\u00f8n ser ud til at v\u00e6re afgivet af forhandlere, videreforhandlere eller distribut\u00f8rer.<\/p>\n<p>Du accepterer at give aktuelle, fuldst\u00e6ndige og n\u00f8jagtige k\u00f8bs- og kontooplysninger for alle k\u00f8b, der foretages i vores butik. Du accepterer straks at opdatere din konto og andre oplysninger, herunder e-mailadresse og kreditkortnumre og udl\u00f8bsdatoer, s\u00e5 vi kan gennemf\u00f8re dine transaktioner og kontakte dig efter behov.<\/p>\n<p><b>Afsnit 7 - Valgfrie v\u00e6rkt\u00f8jer<\/b><\/p>\n<p>Vi kan give dig adgang til tredjepartsv\u00e6rkt\u00f8jer, som vi ikke har nogen kontrol over eller indflydelse p\u00e5.<\/p>\n<p>Du anerkender og accepterer, at vi giver adgang til s\u00e5danne v\u00e6rkt\u00f8jer \"som de er\" og \"som tilg\u00e6ngelige\" uden garantier, erkl\u00e6ringer eller betingelser af nogen art og uden godkendelse. Vi har intet ansvar som f\u00f8lge af eller i forbindelse med din brug af valgfrie tredjepartsv\u00e6rkt\u00f8jer.<\/p>\n<p>Enhver brug af valgfrie v\u00e6rkt\u00f8jer, der tilbydes via webstedet, sker helt p\u00e5 egen risiko og efter eget sk\u00f8n, og du b\u00f8r sikre dig, at du er bekendt med og godkender vilk\u00e5rene for de v\u00e6rkt\u00f8jer, der leveres af de(n) relevante tredjepartsudbyder(e).<\/p>\n<p>Vi kan ogs\u00e5 introducere nye tjenester og\/eller funktioner via hjemmesiden i fremtiden (herunder nye v\u00e6rkt\u00f8jer og ressourcer). S\u00e5danne nye funktioner og\/eller tjenester vil ogs\u00e5 v\u00e6re underlagt disse servicevilk\u00e5r.<\/p>\n<p><b>Afsnit 8 - Links til tredjeparter<\/b><\/p>\n<p>Noget indhold, produkter og tjenester, der er tilg\u00e6ngelige via vores tjeneste, kan omfatte materiale fra tredjeparter.<\/p>\n<p>Tredjepartslinks p\u00e5 dette websted kan lede dig til tredjepartswebsteder, der ikke er tilknyttet os. Vi er ikke ansvarlige for at unders\u00f8ge eller evaluere indholdet eller n\u00f8jagtigheden af disse websteder, og vi garanterer ikke og er ikke ansvarlige for tredjeparts materialer eller websteder eller for andre materialer, produkter eller tjenester fra tredjeparter.<\/p>\n<p>Vi er ikke ansvarlige for eventuelle skader i forbindelse med k\u00f8b eller brug af varer, tjenester, ressourcer, indhold eller andre transaktioner foretaget i forbindelse med tredjepartswebsteder. Gennemg\u00e5 venligst tredjepartens politikker og praksis omhyggeligt, og s\u00f8rg for, at du forst\u00e5r dem, f\u00f8r du deltager i en transaktion. Klager, krav, bekymringer eller sp\u00f8rgsm\u00e5l vedr\u00f8rende tredjepartsprodukter skal rettes til tredjeparten.<\/p>\n<p><b>Afsnit 9 - Brugerkommentarer, feedback og andre indsendelser<\/b><\/p>\n<p>Hvis du sender specifikke bidrag p\u00e5 vores anmodning (f.eks. konkurrencebidrag) eller uden en anmodning (f.eks. kreative ideer, forslag, forslag, planer), accepterer du, at vi til enhver tid og uden begr\u00e6nsning kan redigere, kopiere, offentligg\u00f8re, distribuere, overs\u00e6tte og bruge alle kommentarer, du sender til os, i ethvert medie. Vi er og skal ikke v\u00e6re forpligtet til (1) at holde eventuelle kommentarer fortrolige; (2) at betale kompensation for eventuelle kommentarer; eller (3) at svare p\u00e5 eventuelle kommentarer.<\/p>\n<p>Vi kan, men er ikke forpligtet til, at overv\u00e5ge, redigere eller fjerne indhold, som vi efter eget sk\u00f8n anser for at v\u00e6re ulovligt, kr\u00e6nkende, truende, injurierende, \u00e6rekr\u00e6nkende, pornografisk, uanst\u00e6ndigt eller p\u00e5 anden m\u00e5de anst\u00f8deligt, eller som kr\u00e6nker en parts intellektuelle ejendom eller disse servicevilk\u00e5r.<\/p>\n<p>Du accepterer, at dine kommentarer ikke vil kr\u00e6nke nogen tredjeparts rettigheder, herunder ophavsret, varem\u00e6rke, privatliv, personlighed eller andre personlige eller ejendomsretlige rettigheder. Du accepterer endvidere, at dine kommentarer ikke vil indeholde injurierende eller p\u00e5 anden m\u00e5de ulovligt, kr\u00e6nkende eller uanst\u00e6ndigt materiale eller indeholde computervirus eller anden malware, der p\u00e5 nogen m\u00e5de kan p\u00e5virke driften af tjenesten eller et relateret websted. Du m\u00e5 ikke bruge en falsk e-mailadresse, udgive dig for at v\u00e6re en anden eller p\u00e5 anden m\u00e5de vildlede os eller tredjeparter med hensyn til kommentarernes oprindelse. Du er eneansvarlig for alle kommentarer, du afgiver, og deres n\u00f8jagtighed. Vi tager intet ansvar og p\u00e5tager os intet ansvar for kommentarer, der er indsendt af dig eller en tredjepart.<\/p>\n<p><b>Afsnit 10 - Personlige oplysninger<\/b><\/p>\n<p>Din indsendelse af personlige oplysninger gennem butikken er underlagt vores privatlivspolitik. Se venligst vores fortrolighedspolitik.<\/p>\n<p><b>Afsnit 11 - Fejl, un\u00f8jagtigheder og udeladelser<\/b><\/p>\n<p>Lejlighedsvis kan der v\u00e6re oplysninger p\u00e5 vores websted eller i tjenesten, der indeholder typografiske fejl, un\u00f8jagtigheder eller udeladelser, der kan vedr\u00f8re produktbeskrivelser, priser, kampagner, tilbud, produktforsendelsesomkostninger, transittider og tilg\u00e6ngelighed. Vi forbeholder os ret til at rette eventuelle fejl, un\u00f8jagtigheder eller udeladelser og til at \u00e6ndre eller opdatere oplysninger eller annullere ordrer, hvis oplysninger i tjenesten eller p\u00e5 et relateret websted er un\u00f8jagtige til enhver tid uden forudg\u00e5ende varsel (herunder efter at du har afgivet din ordre).<\/p>\n<p>Vi p\u00e5tager os ingen forpligtelse til at opdatere, \u00e6ndre eller pr\u00e6cisere oplysninger i tjenesten eller p\u00e5 et relateret websted, herunder, uden begr\u00e6nsning, prisoplysninger, undtagen som kr\u00e6vet ved lov. Ingen specificeret opdaterings- eller ajourf\u00f8ringsdato, der anvendes i tjenesten eller p\u00e5 et relateret websted, skal tages som udtryk for, at alle oplysninger i tjenesten eller p\u00e5 et relateret websted er blevet \u00e6ndret eller opdateret.<\/p>\n<p><b>Afsnit 12 - Forbudte anvendelser<\/b><\/p>\n<p>Ud over andre forbud, der er beskrevet i servicevilk\u00e5rene, er det forbudt at bruge webstedet eller dets indhold: (a) til ulovlige form\u00e5l; (b) til at opfordre andre til at udf\u00f8re eller deltage i ulovlige handlinger; (c) til at overtr\u00e6de internationale, f\u00f8derale, provinsielle eller statslige bestemmelser, regler, love eller lokale forordninger; (d) til at kr\u00e6nke eller overtr\u00e6de vores intellektuelle ejendomsrettigheder eller andres intellektuelle ejendomsrettigheder; (e) til at chikanere, forn\u00e6rme, skade, \u00e6rekr\u00e6nke, nedg\u00f8re eller skr\u00e6mme andre; (e) at chikanere, misbruge, forn\u00e6rme, skade, \u00e6rekr\u00e6nke, bagvaske, nedg\u00f8re, intimidere eller diskriminere p\u00e5 baggrund af k\u00f8n, seksuel orientering, religion, etnicitet, race, alder, national oprindelse eller handicap; (f) at indsende falske eller vildledende oplysninger; (g) at uploade eller overf\u00f8re vira eller enhver anden form for ondsindet kode, der vil eller kan bruges p\u00e5 en m\u00e5de, der vil p\u00e5virke funktionaliteten eller driften af tjenesten eller ethvert relateret websted, andre websteder eller internettet; (h) at indsamle eller spore andres personlige oplysninger; (i) at spamme, phish, pharm, pretext, spider, crawl eller scrape; (j) til ethvert uanst\u00e6ndigt eller umoralsk form\u00e5l; eller (k) at forstyrre eller omg\u00e5 sikkerhedsfunktionerne i tjenesten eller ethvert relateret websted, andre websteder eller internettet. Vi forbeholder os ret til at opsige din brug af tjenesten eller ethvert relateret websted for at overtr\u00e6de enhver af de forbudte anvendelser.<\/p>\n<p><b>Afsnit 13 - Ansvarsfraskrivelse; begr\u00e6nsning af ansvar<\/b><\/p>\n<p>Vi garanterer ikke, repr\u00e6senterer eller garanterer, at din brug af vores tjeneste vil v\u00e6re uafbrudt, rettidig, sikker eller fejlfri.<\/p>\n<p>Vi garanterer ikke, at de resultater, der opn\u00e5s ved brug af tjenesten, vil v\u00e6re n\u00f8jagtige eller p\u00e5lidelige.<\/p>\n<p>Du accepterer, at vi fra tid til anden kan fjerne tjenesten i ubestemte perioder eller annullere tjenesten til enhver tid uden varsel til dig.<\/p>\n<p>Du accepterer udtrykkeligt, at din brug af eller manglende evne til at bruge tjenesten er p\u00e5 din egen risiko. Tjenesten og alle produkter og tjenester, der leveres via tjenesten, leveres (undtagen som udtrykkeligt angivet af os) \"som de er\" og \"som tilg\u00e6ngelige\" til din brug uden nogen repr\u00e6sentation, garantier eller betingelser af nogen art, hverken udtrykkelige eller underforst\u00e5ede, herunder alle underforst\u00e5ede garantier eller betingelser for salgbarhed, salgbar kvalitet, egnethed til et bestemt form\u00e5l, holdbarhed, titel og ikke-kr\u00e6nkelse.<\/p>\n<p>Under ingen omst\u00e6ndigheder skal BrizaAC, vores direkt\u00f8rer, ledere, medarbejdere, datterselskaber, agenter, entrepren\u00f8rer, praktikanter, leverand\u00f8rer, tjenesteudbydere eller licensgivere v\u00e6re ansvarlige for nogen skade, tab, krav eller direkte, indirekte, tilf\u00e6ldige, straffende, s\u00e6rlige eller f\u00f8lgeskader af nogen art, herunder, uden begr\u00e6nsning, tabt fortjeneste, tabt oms\u00e6tning, tabte besparelser, tab af data, udskiftningsomkostninger eller lignende skader, uanset om de er baseret p\u00e5 kontrakt, tort (herunder uagtsomhed), strengt ansvar eller andet, der opst\u00e5r som f\u00f8lge af din brug af nogen af tjenesterne eller nogen produkter, der er anskaffet ved hj\u00e6lp af tjenesten, eller for ethvert andet krav, der p\u00e5 nogen m\u00e5de er relateret til din brug af tjenesten eller noget produkt, herunder, men ikke begr\u00e6nset til, eventuelle fejl eller udeladelser i noget indhold eller ethvert tab eller skade af enhver art, der er opst\u00e5et som f\u00f8lge af brugen af tjenesten eller noget indhold (eller produkt), der er sendt, overf\u00f8rt eller p\u00e5 anden m\u00e5de gjort tilg\u00e6ngeligt via tjenesten, selvom de er underrettet om deres mulighed. Da nogle stater eller jurisdiktioner ikke tillader udelukkelse eller begr\u00e6nsning af ansvar for f\u00f8lgeskader eller h\u00e6ndelige skader, skal vores ansvar i s\u00e5danne stater eller jurisdiktioner begr\u00e6nses til det maksimale omfang, der er tilladt ved lov.<\/p>\n<p><b>Afsnit 14 - Skadesl\u00f8sholdelse<\/b><\/p>\n<p>Du accepterer at skadesl\u00f8sholde, forsvare og holde BrizaAC og vores moderselskab, datterselskaber, tilknyttede virksomheder, partnere, officerer, direkt\u00f8rer, agenter, entrepren\u00f8rer, licensgivere, tjenesteudbydere, underleverand\u00f8rer, leverand\u00f8rer, praktikanter og medarbejdere skadesl\u00f8se fra ethvert krav eller krav, herunder rimelige advokatsal\u00e6rer, fremsat af enhver tredjepart p\u00e5 grund af eller som f\u00f8lge af din overtr\u00e6delse af disse servicevilk\u00e5r eller de dokumenter, de indeholder ved henvisning, eller din overtr\u00e6delse af enhver lov eller en tredjeparts rettigheder.<\/p>\n<p><b>Afsnit 15 - Udelelighed<\/b><\/p>\n<p>Hvis en bestemmelse i disse servicevilk\u00e5r anses for at v\u00e6re ulovlig, ugyldig eller ikke kan h\u00e5ndh\u00e6ves, skal en s\u00e5dan bestemmelse stadig kunne h\u00e5ndh\u00e6ves i det omfang, det er tilladt i henhold til g\u00e6ldende lov, og den del, der ikke kan h\u00e5ndh\u00e6ves, skal anses for at v\u00e6re fjernet fra disse vilk\u00e5r. Denne bestemmelse skal ikke p\u00e5virke gyldigheden og h\u00e5ndh\u00e6velsen af eventuelle andre resterende bestemmelser.<\/p>\n<p><b>Afsnit 16 - Opsigelse<\/b><\/p>\n<p>Parternes forpligtelser og ansvar, der er opst\u00e5et f\u00f8r opsigelsesdatoen, skal overleve opsigelsen af denne aftale til alle form\u00e5l.<\/p>\n<p>Disse servicevilk\u00e5r er g\u00e6ldende, medmindre og indtil de opsiges af enten dig eller os. Du kan til enhver tid opsige disse vilk\u00e5r ved at underrette os om, at du ikke l\u00e6ngere \u00f8nsker at bruge vores tjenester, eller n\u00e5r du oph\u00f8rer med at bruge vores websted.<\/p>\n<p>Hvis du efter vores eget sk\u00f8n ikke overholder, eller vi har mistanke om, at du ikke har overholdt, et vilk\u00e5r eller en bestemmelse i disse vilk\u00e5r, kan vi ogs\u00e5 opsige denne aftale til enhver tid uden varsel, og du vil fortsat v\u00e6re ansvarlig for alle skyldige bel\u00f8b frem til og med datoen for opsigelsen; og\/eller kan derfor n\u00e6gte dig adgang til vores tjenester (eller en del heraf).<\/p>\n<p><b>Afsnit 17 - Hele aftalen<\/b><\/p>\n<p>Hvis vi undlader at ud\u00f8ve eller h\u00e5ndh\u00e6ve en rettighed eller bestemmelse i disse servicevilk\u00e5r, udg\u00f8r det ikke et afkald p\u00e5 en s\u00e5dan rettighed eller bestemmelse.<\/p>\n<p>Disse servicevilk\u00e5r og eventuelle politikker eller driftsregler, der er offentliggjort af os p\u00e5 dette websted eller vedr\u00f8rende tjenesten, udg\u00f8r hele aftalen og forst\u00e5elsen mellem dig og os og regulerer din brug af tjenesten og erstatter alle tidligere eller samtidige aftaler, meddelelser og forslag, hvad enten de er mundtlige eller skriftlige, mellem dig og os (herunder, men ikke begr\u00e6nset til, eventuelle tidligere versioner af vilk\u00e5rene).<\/p>\n<p>Eventuelle uklarheder i fortolkningen af disse vilk\u00e5r skal ikke fortolkes imod den part, der udarbejder dem.<\/p>\n<p><b>Afsnit 18 - G\u00e6ldende lov<\/b><\/p>\n<p>Disse servicevilk\u00e5r og eventuelle separate aftaler, hvorved vi leverer tjenester til dig, skal styres af og fortolkes i overensstemmelse med lovgivningen i BrizaAC.<\/p>\n<p><b>Afsnit 19 - \u00c6ndringer af servicevilk\u00e5r<\/b><\/p>\n<p>Du kan til enhver tid se den nyeste version af servicevilk\u00e5rene p\u00e5 denne side.<\/p>\n<p>Vi forbeholder os ret til efter eget sk\u00f8n at opdatere, \u00e6ndre eller erstatte enhver del af disse vilk\u00e5r ved at offentligg\u00f8re opdateringer og \u00e6ndringer p\u00e5 vores hjemmeside. Det er dit ansvar at tjekke vores hjemmeside med j\u00e6vne mellemrum for \u00e6ndringer. Fortsat brug af eller adgang til vores websted eller tjenesten efter udstationering af \u00e6ndringer i disse vilk\u00e5r udg\u00f8r accept af disse \u00e6ndringer.<\/p>\n<p><b>Afsnit 20 - Kontaktoplysninger<\/b><\/p>\n<p>Sp\u00f8rgsm\u00e5l om servicevilk\u00e5rene skal sendes til os p\u00e5 info@briza-ac.co.<\/p>\t\t\t\t\t\t\t\t<\/div>\n\t\t\t\t<\/div>\n\t\t\t\t\t<\/div>\n\t\t\t\t<\/div>\n\t\t\t\t<\/div>","protected":false},"excerpt":{"rendered":"<p>Terms of Service Overview This website is operated by BrizaAC. Throughout the site, the terms &#8220;we&#8221;, &#8220;us&#8221;, and &#8220;our&#8221; refer [&hellip;]<\/p>","protected":false},"author":1,"featured_media":0,"parent":0,"menu_order":0,"comment_status":"closed","ping_status":"closed","template":"","meta":{"inline_featured_image":false,"site-sidebar-layout":"no-sidebar","site-content-layout":"","ast-site-content-layout":"full-width-container","site-content-style":"default","site-sidebar-style":"default","ast-global-header-display":"","ast-banner-title-visibility":"","ast-main-header-display":"","ast-hfb-above-header-display":"","ast-hfb-below-header-display":"","ast-hfb-mobile-header-display":"","site-post-title":"disabled","ast-breadcrumbs-content":"","ast-featured-img":"disabled","footer-sml-layout":"","theme-transparent-header-meta":"default","adv-header-id-meta":"","stick-header-meta":"","header-above-stick-meta":"","header-main-stick-meta":"","header-below-stick-meta":"","astra-migrate-meta-layouts":"set","ast-page-background-enabled":"default","ast-page-background-meta":{"desktop":{"background-color":"var(--ast-global-color-4)","background-image":"","background-repeat":"repeat","background-position":"center center","background-size":"auto","background-attachment":"scroll","background-type":"","background-media":"","overlay-type":"","overlay-color":"","overlay-gradient":""},"tablet":{"background-color":"","background-image":"","background-repeat":"repeat","background-position":"center center","background-size":"auto","background-attachment":"scroll","background-type":"","background-media":"","overlay-type":"","overlay-color":"","overlay-gradient":""},"mobile":{"background-color":"","background-image":"","background-repeat":"repeat","background-position":"center center","background-size":"auto","background-attachment":"scroll","background-type":"","background-media":"","overlay-type":"","overlay-color":"","overlay-gradient":""}},"ast-content-background-meta":{"desktop":{"background-color":"var(--ast-global-color-5)","background-image":"","background-repeat":"repeat","background-position":"center center","background-size":"auto","background-attachment":"scroll","background-type":"","background-media":"","overlay-type":"","overlay-color":"","overlay-gradient":""},"tablet":{"background-color":"var(--ast-global-color-5)","background-image":"","background-repeat":"repeat","background-position":"center center","background-size":"auto","background-attachment":"scroll","background-type":"","background-media":"","overlay-type":"","overlay-color":"","overlay-gradient":""},"mobile":{"background-color":"var(--ast-global-color-5)","background-image":"","background-repeat":"repeat","background-position":"center center","background-size":"auto","background-attachment":"scroll","background-type":"","background-media":"","overlay-type":"","overlay-color":"","overlay-gradient":""}},"footnotes":""},"_links":{"self":[{"href":"https:\/\/briza-ac.co\/da\/wp-json\/wp\/v2\/pages\/268"}],"collection":[{"href":"https:\/\/briza-ac.co\/da\/wp-json\/wp\/v2\/pages"}],"about":[{"href":"https:\/\/briza-ac.co\/da\/wp-json\/wp\/v2\/types\/page"}],"author":[{"embeddable":true,"href":"https:\/\/briza-ac.co\/da\/wp-json\/wp\/v2\/users\/1"}],"replies":[{"embeddable":true,"href":"https:\/\/briza-ac.co\/da\/wp-json\/wp\/v2\/comments?post=268"}],"version-history":[{"count":39,"href":"https:\/\/briza-ac.co\/da\/wp-json\/wp\/v2\/pages\/268\/revisions"}],"predecessor-version":[{"id":3980,"href":"https:\/\/briza-ac.co\/da\/wp-json\/wp\/v2\/pages\/268\/revisions\/3980"}],"wp:attachment":[{"href":"https:\/\/briza-ac.co\/da\/wp-json\/wp\/v2\/media?parent=268"}],"curies":[{"name":"wp","href":"https:\/\/api.w.org\/{rel}","templated":true}]}}